{"id":5215,"date":"2022-03-05T12:36:23","date_gmt":"2022-03-05T12:36:23","guid":{"rendered":"https:\/\/www.mgps.com.mx\/?page_id=5215"},"modified":"2024-06-06T11:15:15","modified_gmt":"2024-06-06T17:15:15","slug":"alumni","status":"publish","type":"page","link":"https:\/\/www.mgps.com.mx\/en\/alumni\/","title":{"rendered":"Alumni"},"content":{"rendered":"<div data-elementor-type=\"wp-page\" data-elementor-id=\"5215\" class=\"elementor elementor-5215\">\n\t\t\t\t\t\t<section class=\"elementor-section elementor-top-section elementor-element elementor-element-513d398 elementor-section-full_width elementor-section-height-default elementor-section-height-default\" data-id=\"513d398\" data-element_type=\"section\" id=\"bg-block\" data-settings=\"{&quot;background_background&quot;:&quot;classic&quot;}\">\n\t\t\t\t\t\t<div class=\"elementor-container elementor-column-gap-default\">\n\t\t\t\t\t<div class=\"elementor-column elementor-col-33 elementor-top-column elementor-element elementor-element-af41685 elementor-hidden-mobile\" data-id=\"af41685\" data-element_type=\"column\">\n\t\t\t<div class=\"elementor-widget-wrap\">\n\t\t\t\t\t\t\t<\/div>\n\t\t<\/div>\n\t\t\t\t<div class=\"elementor-column elementor-col-33 elementor-top-column elementor-element elementor-element-bd264bc\" data-id=\"bd264bc\" data-element_type=\"column\">\n\t\t\t<div class=\"elementor-widget-wrap elementor-element-populated\">\n\t\t\t\t\t\t<div class=\"elementor-element elementor-element-2ff2a42 elementor-widget elementor-widget-heading\" data-id=\"2ff2a42\" data-element_type=\"widget\" id=\"mian-text\" data-widget_type=\"heading.default\">\n\t\t\t\t<div class=\"elementor-widget-container\">\n\t\t\t<h1 class=\"elementor-heading-title elementor-size-default\">Alumni<\/h1>\t\t<\/div>\n\t\t\t\t<\/div>\n\t\t\t\t<section class=\"elementor-section elementor-inner-section elementor-element elementor-element-68652a2 elementor-section-full_width elementor-section-height-default elementor-section-height-default elementor-invisible\" data-id=\"68652a2\" data-element_type=\"section\" id=\"text-blocker\" data-settings=\"{&quot;background_background&quot;:&quot;classic&quot;,&quot;animation&quot;:&quot;slideInDown&quot;}\">\n\t\t\t\t\t\t<div class=\"elementor-container elementor-column-gap-no\">\n\t\t\t\t\t<div class=\"elementor-column elementor-col-100 elementor-inner-column elementor-element elementor-element-f100cca elementor-invisible\" data-id=\"f100cca\" data-element_type=\"column\" data-settings=\"{&quot;motion_fx_motion_fx_scrolling&quot;:&quot;yes&quot;,&quot;motion_fx_translateY_effect&quot;:&quot;yes&quot;,&quot;motion_fx_devices&quot;:[&quot;desktop&quot;,&quot;tablet&quot;],&quot;animation&quot;:&quot;slideInUp&quot;,&quot;motion_fx_translateY_speed&quot;:{&quot;unit&quot;:&quot;px&quot;,&quot;size&quot;:4,&quot;sizes&quot;:[]},&quot;motion_fx_translateY_affectedRange&quot;:{&quot;unit&quot;:&quot;%&quot;,&quot;size&quot;:&quot;&quot;,&quot;sizes&quot;:{&quot;start&quot;:0,&quot;end&quot;:100}}}\">\n\t\t\t<div class=\"elementor-widget-wrap elementor-element-populated\">\n\t\t\t\t\t\t<div class=\"elementor-element elementor-element-7b50c28 elementor-widget elementor-widget-text-editor\" data-id=\"7b50c28\" data-element_type=\"widget\" data-widget_type=\"text-editor.default\">\n\t\t\t\t<div class=\"elementor-widget-container\">\n\t\t\t\t\t\t\t<p>Our firm has been built, and continues to grow, through the invaluable contribution and collaboration of every intern and associate since our inception. While some of these outstanding professionals no longer work with us, they have taken other professional or personal alternatives in Mexico and abroad. We are proud to be a part of their professional history as well as a contribution to their humanistic and professional development.<\/p>\t\t\t\t\t\t<\/div>\n\t\t\t\t<\/div>\n\t\t\t\t<div class=\"elementor-element elementor-element-d6e70f5 elementor-widget elementor-widget-text-editor\" data-id=\"d6e70f5\" data-element_type=\"widget\" data-widget_type=\"text-editor.default\">\n\t\t\t\t<div class=\"elementor-widget-container\">\n\t\t\t\t\t\t\t<p>We recognize the enthusiastic work of our alumni and are proud of their continued success and recognition within the companies and firms where they currently work.<\/p>\t\t\t\t\t\t<\/div>\n\t\t\t\t<\/div>\n\t\t\t\t<div class=\"elementor-element elementor-element-741bc1d elementor-widget elementor-widget-text-editor\" data-id=\"741bc1d\" data-element_type=\"widget\" data-widget_type=\"text-editor.default\">\n\t\t\t\t<div class=\"elementor-widget-container\">\n\t\t\t\t\t\t\t<p>We will be delighted to share your personal and professional achievements with you, and we are interested in fostering a long-term relationship with each one of you. Which is why we have planned various activities to keep in touch with you in order to share your success stories.<\/p>\t\t\t\t\t\t<\/div>\n\t\t\t\t<\/div>\n\t\t\t\t<div class=\"elementor-element elementor-element-1226775 elementor-widget elementor-widget-text-editor\" data-id=\"1226775\" data-element_type=\"widget\" data-widget_type=\"text-editor.default\">\n\t\t\t\t<div class=\"elementor-widget-container\">\n\t\t\t\t\t\t\t<p>We will continue with the project of hosting an annual event in which we expect to meet you to share all memories of your time in the Firm, and better yet, to foster friendships and create synergies among us.<\/p>\t\t\t\t\t\t<\/div>\n\t\t\t\t<\/div>\n\t\t\t\t<div class=\"elementor-element elementor-element-2a5f686 elementor-widget elementor-widget-text-editor\" data-id=\"2a5f686\" data-element_type=\"widget\" data-widget_type=\"text-editor.default\">\n\t\t\t\t<div class=\"elementor-widget-container\">\n\t\t\t\t\t\t\t<p>We invite you to keep in touch through our social networks (LinkedIn, Facebook, Twitter and Instagram) where we will be able to exchange, in a continuous way, information, legal updates and as a means to know of your professional current activities.<\/p>\t\t\t\t\t\t<\/div>\n\t\t\t\t<\/div>\n\t\t\t\t<div class=\"elementor-element elementor-element-7012d1b elementor-widget elementor-widget-text-editor\" data-id=\"7012d1b\" data-element_type=\"widget\" data-widget_type=\"text-editor.default\">\n\t\t\t\t<div class=\"elementor-widget-container\">\n\t\t\t\t\t\t\tFinalmente, les pedimos que nos proporcionen sus datos de contacto o cualquier actualizaci\u00f3n a los mismos, al correo electr\u00f3nico <strong><a href=\"mailto:alumni@mgps.com.mx\">alumni@mgps.com.mx<\/a><\/strong>, a efecto de que les hagamos llegar una clave de acceso a nuestro contenido privado, donde encontrar\u00e1n fotograf\u00edas de nuestros eventos, material nuestro con temas de actualizaci\u00f3n jur\u00eddica, y que son otra forma para que podamos compartir informaci\u00f3n de la actividad profesional de cada uno de ustedes. Ser\u00e1 un placer seguir en contacto.\t\t\t\t\t\t<\/div>\n\t\t\t\t<\/div>\n\t\t\t\t\t<\/div>\n\t\t<\/div>\n\t\t\t\t\t<\/div>\n\t\t<\/section>\n\t\t\t\t\t<\/div>\n\t\t<\/div>\n\t\t\t\t<div class=\"elementor-column elementor-col-33 elementor-top-column elementor-element elementor-element-aec861c elementor-hidden-mobile\" data-id=\"aec861c\" data-element_type=\"column\">\n\t\t\t<div class=\"elementor-widget-wrap\">\n\t\t\t\t\t\t\t<\/div>\n\t\t<\/div>\n\t\t\t\t\t<\/div>\n\t\t<\/section>\n\t\t\t\t<\/div>","protected":false},"excerpt":{"rendered":"<p>Alumni Our Firm has been built and continues to grow based on the important contribution of each and every one of the interns and lawyers who have worked with us throughout our history. Some of these valuable elements are no longer working with us, having opted for other professional alternatives [\u2026]<\/p>","protected":false},"author":6,"featured_media":0,"parent":0,"menu_order":0,"comment_status":"closed","ping_status":"closed","template":"","meta":{"footnotes":""},"class_list":["post-5215","page","type-page","status-publish","hentry","no-thumb"],"jetpack_sharing_enabled":true,"_links":{"self":[{"href":"https:\/\/www.mgps.com.mx\/en\/wp-json\/wp\/v2\/pages\/5215","targetHints":{"allow":["GET"]}}],"collection":[{"href":"https:\/\/www.mgps.com.mx\/en\/wp-json\/wp\/v2\/pages"}],"about":[{"href":"https:\/\/www.mgps.com.mx\/en\/wp-json\/wp\/v2\/types\/page"}],"author":[{"embeddable":true,"href":"https:\/\/www.mgps.com.mx\/en\/wp-json\/wp\/v2\/users\/6"}],"replies":[{"embeddable":true,"href":"https:\/\/www.mgps.com.mx\/en\/wp-json\/wp\/v2\/comments?post=5215"}],"version-history":[{"count":215,"href":"https:\/\/www.mgps.com.mx\/en\/wp-json\/wp\/v2\/pages\/5215\/revisions"}],"predecessor-version":[{"id":12408,"href":"https:\/\/www.mgps.com.mx\/en\/wp-json\/wp\/v2\/pages\/5215\/revisions\/12408"}],"wp:attachment":[{"href":"https:\/\/www.mgps.com.mx\/en\/wp-json\/wp\/v2\/media?parent=5215"}],"curies":[{"name":"wp","href":"https:\/\/api.w.org\/{rel}","templated":true}]}}